{"id":1090,"date":"2023-11-24T12:48:41","date_gmt":"2023-11-24T17:48:41","guid":{"rendered":"https:\/\/pacuidarte.com\/?post_type=product&#038;p=1090"},"modified":"2025-04-04T10:43:20","modified_gmt":"2025-04-04T15:43:20","slug":"bolsas-compostables","status":"publish","type":"product","link":"https:\/\/pacuidarte.com\/index.php\/producto\/bolsas-compostables\/","title":{"rendered":"Bolsas compostables"},"content":{"rendered":"<p><strong>\u00a1Por un planeta m\u00e1s limpio!\ud83c\udf43<\/strong><\/p>\n<p>Bolsas 100% compostables ultrabiodegradables hechas en almid\u00f3n de ma\u00edz y biopol\u00edmeros.<\/p>\n<p><strong>Usos: <\/strong>Mascotas, compostaje y empaque.<\/p>\n<p>Certificados OKCompost y Seedling.<\/p>\n<p><strong>Recomendaciones de uso:<\/strong> Despu\u00e9s de un a\u00f1o de su compra pierde sus propiedades de resistencia. Almacenar en un lugar seco, fresco, alejado de la luz solar directa y de temperaturas altas.<\/p>\n<p>30 bolsas 23 x 30 cm, fuelle lateral de 5.75 cm y resistencia de 2 kg.<\/p>\n","protected":false},"excerpt":{"rendered":"<p>\u00a1Por un planeta m\u00e1s limpio!\ud83c\udf43 Bolsas 100% compostables ultrabiodegradables hechas en almid\u00f3n de ma\u00edz y biopol\u00edmeros. Usos: Mascotas, compostaje y empaque. Certificados OKCompost y Seedling. Recomendaciones de uso: Despu\u00e9s de un a\u00f1o de su compra pierde sus propiedades de resistencia. Almacenar en un lugar seco, fresco, alejado de la luz solar directa y de temperaturas [&hellip;]<\/p>\n","protected":false},"featured_media":1095,"comment_status":"open","ping_status":"closed","template":"","meta":{"_joinchat":[]},"product_cat":[17,24],"product_tag":[109,235,236,237,238],"jetpack_sharing_enabled":true,"_links":{"self":[{"href":"https:\/\/pacuidarte.com\/index.php\/wp-json\/wp\/v2\/product\/1090"}],"collection":[{"href":"https:\/\/pacuidarte.com\/index.php\/wp-json\/wp\/v2\/product"}],"about":[{"href":"https:\/\/pacuidarte.com\/index.php\/wp-json\/wp\/v2\/types\/product"}],"replies":[{"embeddable":true,"href":"https:\/\/pacuidarte.com\/index.php\/wp-json\/wp\/v2\/comments?post=1090"}],"wp:featuredmedia":[{"embeddable":true,"href":"https:\/\/pacuidarte.com\/index.php\/wp-json\/wp\/v2\/media\/1095"}],"wp:attachment":[{"href":"https:\/\/pacuidarte.com\/index.php\/wp-json\/wp\/v2\/media?parent=1090"}],"wp:term":[{"taxonomy":"product_cat","embeddable":true,"href":"https:\/\/pacuidarte.com\/index.php\/wp-json\/wp\/v2\/product_cat?post=1090"},{"taxonomy":"product_tag","embeddable":true,"href":"https:\/\/pacuidarte.com\/index.php\/wp-json\/wp\/v2\/product_tag?post=1090"}],"curies":[{"name":"wp","href":"https:\/\/api.w.org\/{rel}","templated":true}]}}