{"id":1051,"date":"2023-10-23T21:29:02","date_gmt":"2023-10-24T02:29:02","guid":{"rendered":"https:\/\/pacuidarte.com\/?post_type=product&#038;p=1051"},"modified":"2025-04-03T16:22:57","modified_gmt":"2025-04-03T21:22:57","slug":"mini-shampoo-ninos","status":"publish","type":"product","link":"https:\/\/pacuidarte.com\/index.php\/producto\/mini-shampoo-ninos\/","title":{"rendered":"Mini shampoo Ni\u00f1os"},"content":{"rendered":"<p>Esta mini versi\u00f3n fue dise\u00f1ada para aquellas personas que quieren probar nuestro producto y para quienes son unas almas viajeras, para que as\u00ed puedan seguir cuidando sus cabellos mientras recorren el mundo.<\/p>\n<p>Shampoo\u00a0<strong>sin sal con pH neutro y sin parabenos.<\/strong><\/p>\n<p>Esta especialmente elaborado con ingredientes 100% naturales.\u00a0<strong>Su f\u00f3rmula es hipoalerg\u00e9nica, libre de sal, de alcohol y de jab\u00f3n.<\/strong>\u00a0Su pH neutro y balanceado limpia suavemente el delicado cabello de los ni\u00f1os y a su vez nutre, hidrata y fortalece el fol\u00edculo piloso para estimular su sano crecimiento, engrosando cada cabello y estimulando la producci\u00f3n de nuevo cabello.El resultado, un cabello nutrido, fuerte, largo, brillante y sedoso.<\/p>\n<p>Sus ingredientes son prote\u00edna de trigo, vitaminas E y B5, extractos frutales y herbales, multivitaminas y manzanilla (cantidad m\u00ednima. No aclara el color del cabello ni lo cambia).<\/p>\n","protected":false},"excerpt":{"rendered":"<p>Esta mini versi\u00f3n fue dise\u00f1ada para aquellas personas que quieren probar nuestro producto y para quienes son unas almas viajeras, para que as\u00ed puedan seguir cuidando sus cabellos mientras recorren el mundo. Shampoo\u00a0sin sal con pH neutro y sin parabenos. Esta especialmente elaborado con ingredientes 100% naturales.\u00a0Su f\u00f3rmula es hipoalerg\u00e9nica, libre de sal, de alcohol [&hellip;]<\/p>\n","protected":false},"featured_media":1053,"comment_status":"open","ping_status":"closed","template":"","meta":{"_joinchat":[]},"product_cat":[16,32,24],"product_tag":[214,81,207],"jetpack_sharing_enabled":true,"_links":{"self":[{"href":"https:\/\/pacuidarte.com\/index.php\/wp-json\/wp\/v2\/product\/1051"}],"collection":[{"href":"https:\/\/pacuidarte.com\/index.php\/wp-json\/wp\/v2\/product"}],"about":[{"href":"https:\/\/pacuidarte.com\/index.php\/wp-json\/wp\/v2\/types\/product"}],"replies":[{"embeddable":true,"href":"https:\/\/pacuidarte.com\/index.php\/wp-json\/wp\/v2\/comments?post=1051"}],"wp:featuredmedia":[{"embeddable":true,"href":"https:\/\/pacuidarte.com\/index.php\/wp-json\/wp\/v2\/media\/1053"}],"wp:attachment":[{"href":"https:\/\/pacuidarte.com\/index.php\/wp-json\/wp\/v2\/media?parent=1051"}],"wp:term":[{"taxonomy":"product_cat","embeddable":true,"href":"https:\/\/pacuidarte.com\/index.php\/wp-json\/wp\/v2\/product_cat?post=1051"},{"taxonomy":"product_tag","embeddable":true,"href":"https:\/\/pacuidarte.com\/index.php\/wp-json\/wp\/v2\/product_tag?post=1051"}],"curies":[{"name":"wp","href":"https:\/\/api.w.org\/{rel}","templated":true}]}}