{"id":1044,"date":"2023-10-23T21:21:13","date_gmt":"2023-10-24T02:21:13","guid":{"rendered":"https:\/\/pacuidarte.com\/?post_type=product&#038;p=1044"},"modified":"2025-06-15T17:14:11","modified_gmt":"2025-06-15T22:14:11","slug":"mini-shampoo-hair-grows","status":"publish","type":"product","link":"https:\/\/pacuidarte.com\/index.php\/producto\/mini-shampoo-hair-grows\/","title":{"rendered":"Mini shampoo Hair Grows"},"content":{"rendered":"<p>Esta mini versi\u00f3n fue dise\u00f1ada para aquellas personas que quieren probar nuestro producto y para quienes son unas almas viajeras, para que as\u00ed puedan seguir cuidando sus cabellos mientras recorren el mundo.<\/p>\n<p>Shampoo\u00a0<strong>sin sal con pH neutro y sin parabenos.<\/strong><\/p>\n<p>El shampoo Hair Grows crecimiento acelerado, es una f\u00f3rmula natural desarrollada para estimular el crecimiento del cabello, engrosar la fibra capilar, aportar brillo, vitalidad y suavidad. Detiene la ca\u00edda fortaleciendo el fol\u00edculo piloso y permitiendo que este crezca aceleradamente.<\/p>\n<p class=\"selectable-text copyable-text iq0m558w g0rxnol2\" dir=\"ltr\"><span class=\"selectable-text copyable-text\">Con extracto de: Cebolla (sin olor), ajo, jengibre, aloe vera, romero y otros\u00a0<\/span><span class=\"selectable-text copyable-text\">10 extractos herbales.<\/span><\/p>\n","protected":false},"excerpt":{"rendered":"<p>Esta mini versi\u00f3n fue dise\u00f1ada para aquellas personas que quieren probar nuestro producto y para quienes son unas almas viajeras, para que as\u00ed puedan seguir cuidando sus cabellos mientras recorren el mundo. Shampoo\u00a0sin sal con pH neutro y sin parabenos. El shampoo Hair Grows crecimiento acelerado, es una f\u00f3rmula natural desarrollada para estimular el crecimiento [&hellip;]<\/p>\n","protected":false},"featured_media":1045,"comment_status":"open","ping_status":"closed","template":"","meta":{"_joinchat":[]},"product_cat":[16,24],"product_tag":[207,208,209,211,210],"jetpack_sharing_enabled":true,"_links":{"self":[{"href":"https:\/\/pacuidarte.com\/index.php\/wp-json\/wp\/v2\/product\/1044"}],"collection":[{"href":"https:\/\/pacuidarte.com\/index.php\/wp-json\/wp\/v2\/product"}],"about":[{"href":"https:\/\/pacuidarte.com\/index.php\/wp-json\/wp\/v2\/types\/product"}],"replies":[{"embeddable":true,"href":"https:\/\/pacuidarte.com\/index.php\/wp-json\/wp\/v2\/comments?post=1044"}],"wp:featuredmedia":[{"embeddable":true,"href":"https:\/\/pacuidarte.com\/index.php\/wp-json\/wp\/v2\/media\/1045"}],"wp:attachment":[{"href":"https:\/\/pacuidarte.com\/index.php\/wp-json\/wp\/v2\/media?parent=1044"}],"wp:term":[{"taxonomy":"product_cat","embeddable":true,"href":"https:\/\/pacuidarte.com\/index.php\/wp-json\/wp\/v2\/product_cat?post=1044"},{"taxonomy":"product_tag","embeddable":true,"href":"https:\/\/pacuidarte.com\/index.php\/wp-json\/wp\/v2\/product_tag?post=1044"}],"curies":[{"name":"wp","href":"https:\/\/api.w.org\/{rel}","templated":true}]}}