{"id":1041,"date":"2023-10-23T21:18:02","date_gmt":"2023-10-24T02:18:02","guid":{"rendered":"https:\/\/pacuidarte.com\/?post_type=product&#038;p=1041"},"modified":"2025-06-15T17:14:11","modified_gmt":"2025-06-15T22:14:11","slug":"mini-shampoo-coco-y-biotina","status":"publish","type":"product","link":"https:\/\/pacuidarte.com\/index.php\/producto\/mini-shampoo-coco-y-biotina\/","title":{"rendered":"Mini shampoo Coco y biotina"},"content":{"rendered":"<p>Esta mini versi\u00f3n fue dise\u00f1ada para aquellas personas que quieren probar nuestro producto y para quienes son unas almas viajeras, para que as\u00ed puedan seguir cuidando sus cabellos mientras recorren el mundo.<\/p>\n<p>Shampoo\u00a0<strong>sin sal con pH neutro y sin parabenos.<\/strong><\/p>\n<p>Contiene extracto puro de coco, queratina natural, biotina, \u00e1cido f\u00f3lico, zinc, vitamina E y C, pantenol y silicio. Tiene propiedades\u00a0<strong>calmantes y regenerativas<\/strong>.<br \/>\nMejora la salud y apariencia cabello, disminuye la ca\u00edda, estimula el crecimiento, trata la dermatitis, aporta brillo, fortaleza y grosor.<\/p>\n","protected":false},"excerpt":{"rendered":"<p>Esta mini versi\u00f3n fue dise\u00f1ada para aquellas personas que quieren probar nuestro producto y para quienes son unas almas viajeras, para que as\u00ed puedan seguir cuidando sus cabellos mientras recorren el mundo. Shampoo\u00a0sin sal con pH neutro y sin parabenos. Contiene extracto puro de coco, queratina natural, biotina, \u00e1cido f\u00f3lico, zinc, vitamina E y C, [&hellip;]<\/p>\n","protected":false},"featured_media":1042,"comment_status":"open","ping_status":"closed","template":"","meta":{"_joinchat":[]},"product_cat":[16,24],"product_tag":[],"jetpack_sharing_enabled":true,"_links":{"self":[{"href":"https:\/\/pacuidarte.com\/index.php\/wp-json\/wp\/v2\/product\/1041"}],"collection":[{"href":"https:\/\/pacuidarte.com\/index.php\/wp-json\/wp\/v2\/product"}],"about":[{"href":"https:\/\/pacuidarte.com\/index.php\/wp-json\/wp\/v2\/types\/product"}],"replies":[{"embeddable":true,"href":"https:\/\/pacuidarte.com\/index.php\/wp-json\/wp\/v2\/comments?post=1041"}],"wp:featuredmedia":[{"embeddable":true,"href":"https:\/\/pacuidarte.com\/index.php\/wp-json\/wp\/v2\/media\/1042"}],"wp:attachment":[{"href":"https:\/\/pacuidarte.com\/index.php\/wp-json\/wp\/v2\/media?parent=1041"}],"wp:term":[{"taxonomy":"product_cat","embeddable":true,"href":"https:\/\/pacuidarte.com\/index.php\/wp-json\/wp\/v2\/product_cat?post=1041"},{"taxonomy":"product_tag","embeddable":true,"href":"https:\/\/pacuidarte.com\/index.php\/wp-json\/wp\/v2\/product_tag?post=1041"}],"curies":[{"name":"wp","href":"https:\/\/api.w.org\/{rel}","templated":true}]}}