{"id":1036,"date":"2023-10-23T18:41:19","date_gmt":"2023-10-23T23:41:19","guid":{"rendered":"https:\/\/pacuidarte.com\/?post_type=product&#038;p=1036"},"modified":"2025-10-16T18:44:13","modified_gmt":"2025-10-16T23:44:13","slug":"1036","status":"publish","type":"product","link":"https:\/\/pacuidarte.com\/index.php\/producto\/1036\/","title":{"rendered":"Acondicionador de aguacate"},"content":{"rendered":"<p>El acondicionador de aguacate banano y sab\u00edla es un producto 100% natural a base de materias primas org\u00e1nicas sin sal y sin qu\u00edmicos.<\/p>\n<ul>\n<li>Nutre e hidrata tu cabello a profundidad.<\/li>\n<li>\u00a0Aporta brillo<\/li>\n<li>Hidrataci\u00f3n<\/li>\n<li>Nutrici\u00f3n<\/li>\n<li>Suavidad<\/li>\n<li>Vitalidad<\/li>\n<li>Mejora la apariencia de tu cabello<\/li>\n<li>Evita y controla el frizz<\/li>\n<li>Repara puntas maltratadas y resecas<\/li>\n<li>Evita la horquilla<\/li>\n<\/ul>\n<p><strong>Contenido:\u00a0<\/strong>600 ml<\/p>\n","protected":false},"excerpt":{"rendered":"<p>El acondicionador de aguacate banano y sab\u00edla es un producto 100% natural a base de materias primas org\u00e1nicas sin sal y sin qu\u00edmicos. Nutre e hidrata tu cabello a profundidad. \u00a0Aporta brillo Hidrataci\u00f3n Nutrici\u00f3n Suavidad Vitalidad Mejora la apariencia de tu cabello Evita y controla el frizz Repara puntas maltratadas y resecas Evita la horquilla [&hellip;]<\/p>\n","protected":false},"featured_media":1057,"comment_status":"open","ping_status":"closed","template":"","meta":{"_joinchat":[]},"product_cat":[16],"product_tag":[130,68,81,84,58,69,79,77,70,80],"jetpack_sharing_enabled":true,"_links":{"self":[{"href":"https:\/\/pacuidarte.com\/index.php\/wp-json\/wp\/v2\/product\/1036"}],"collection":[{"href":"https:\/\/pacuidarte.com\/index.php\/wp-json\/wp\/v2\/product"}],"about":[{"href":"https:\/\/pacuidarte.com\/index.php\/wp-json\/wp\/v2\/types\/product"}],"replies":[{"embeddable":true,"href":"https:\/\/pacuidarte.com\/index.php\/wp-json\/wp\/v2\/comments?post=1036"}],"wp:featuredmedia":[{"embeddable":true,"href":"https:\/\/pacuidarte.com\/index.php\/wp-json\/wp\/v2\/media\/1057"}],"wp:attachment":[{"href":"https:\/\/pacuidarte.com\/index.php\/wp-json\/wp\/v2\/media?parent=1036"}],"wp:term":[{"taxonomy":"product_cat","embeddable":true,"href":"https:\/\/pacuidarte.com\/index.php\/wp-json\/wp\/v2\/product_cat?post=1036"},{"taxonomy":"product_tag","embeddable":true,"href":"https:\/\/pacuidarte.com\/index.php\/wp-json\/wp\/v2\/product_tag?post=1036"}],"curies":[{"name":"wp","href":"https:\/\/api.w.org\/{rel}","templated":true}]}}