{"id":1106,"date":"2023-11-24T22:26:41","date_gmt":"2023-11-25T03:26:41","guid":{"rendered":"https:\/\/pacuidarte.com\/?page_id=1106"},"modified":"2023-12-05T14:20:58","modified_gmt":"2023-12-05T19:20:58","slug":"nosotros","status":"publish","type":"page","link":"https:\/\/pacuidarte.com\/index.php\/nosotros\/","title":{"rendered":"Nosotros"},"content":{"rendered":"\n<p>Mi nombre es Maria Alejandra, soy ingeniera biom\u00e9dica y tengo 26 a\u00f1os. Soy una chica que desde peque\u00f1a se ha interesado por la investigaci\u00f3n, la lectura y el aprendizaje. En mi paso por el colegio comenc\u00e9 a interesarme much\u00edsimo en todo lo relacionado a la salud, el bienestar y el cuidado, y siempre intentaba cambiar los productos comerciales por las recetas caseras de la abuela o los secretos de mi madre.<\/p>\n\n\n\n<p>En mi paso por la universidad todo esto se increment\u00f3, pues al ver materias m\u00e1s relacionadas con la actividad celular y la bioqu\u00edmica, empec\u00e9 a tratar de generar conciencia en mi c\u00edrculo cercano acerca de la importancia de saber qu\u00e9 le ponemos a nuestro cuerpo y qu\u00e9 consumimos. As\u00ed que en el 2016 cre\u00e9 mi primera tienda virtual Es pa cuidarte (anteriormente se llamaba Piel dulce) con el fin de mostrarle a m\u00e1s personas diferentes alternativas m\u00e1s saludables para su cuidado personal. All\u00ed comenc\u00e9 a vender productos naturales para el cuidado capilar (los cuales me salvaron el cabello, luego de cortarlo en una peluquer\u00eda X y que nunca m\u00e1s volviera a crecer y perdiera su vida), con el paso del tiempo introducimos m\u00e1s productos y completamos una linea facial y corporal. De este modo he llevado estos productos a diferentes personas durante estos 7 a\u00f1os y he visto c\u00f3mo han impactado en su salud, su autoestima y su vida en general.<\/p>\n\n\n\n<p>Por otro lado, en el 2020 durante la cuarentena, estuve pensando en si exist\u00edan productos m\u00e1s amigables con el medio ambiente, pues todo ven\u00eda en empaques pl\u00e1sticos, era de pl\u00e1stico, desechable o conten\u00eda productos qu\u00edmicos que no eran saludables. Me puse en la tarea de investigar en internet y me encontr\u00e9 con un mundo de productos m\u00e1s sostenibles y amigables con el planeta. Sin embargo, era dif\u00edcil conseguirlos en Colombia. As\u00ed que\u2026 De nuevo me aventur\u00e9 en el mundo del emprendimiento y cre\u00e9 AREIA, una ecotienda que adem\u00e1s de vender productos naturales, busca generar conciencia para cambiar habitos de consumo y cuidado, y llevar un estilo de vida m\u00e1s sostenible y ecoamigable.<\/p>\n\n\n\n<p>Hoy en d\u00eda AREIA y Es pa cuidarte han llegado a personas de todas partes de Colombia (incluso de otros pa\u00edses) ayud\u00e1ndolos con su cuidado y del planeta.<\/p>\n","protected":false},"excerpt":{"rendered":"<p>Mi nombre es Maria Alejandra, soy ingeniera biom\u00e9dica y tengo 26 a\u00f1os. Soy una chica que desde peque\u00f1a se ha interesado por la investigaci\u00f3n, la lectura y el aprendizaje. En mi paso por el colegio comenc\u00e9 a interesarme much\u00edsimo en todo lo relacionado a la salud, el bienestar y el cuidado, y siempre intentaba cambiar [&hellip;]<\/p>\n","protected":false},"author":1,"featured_media":0,"parent":0,"menu_order":0,"comment_status":"closed","ping_status":"closed","template":"","meta":{"footnotes":"","_joinchat":[]},"jetpack_sharing_enabled":true,"_links":{"self":[{"href":"https:\/\/pacuidarte.com\/index.php\/wp-json\/wp\/v2\/pages\/1106"}],"collection":[{"href":"https:\/\/pacuidarte.com\/index.php\/wp-json\/wp\/v2\/pages"}],"about":[{"href":"https:\/\/pacuidarte.com\/index.php\/wp-json\/wp\/v2\/types\/page"}],"author":[{"embeddable":true,"href":"https:\/\/pacuidarte.com\/index.php\/wp-json\/wp\/v2\/users\/1"}],"replies":[{"embeddable":true,"href":"https:\/\/pacuidarte.com\/index.php\/wp-json\/wp\/v2\/comments?post=1106"}],"version-history":[{"count":2,"href":"https:\/\/pacuidarte.com\/index.php\/wp-json\/wp\/v2\/pages\/1106\/revisions"}],"predecessor-version":[{"id":1120,"href":"https:\/\/pacuidarte.com\/index.php\/wp-json\/wp\/v2\/pages\/1106\/revisions\/1120"}],"wp:attachment":[{"href":"https:\/\/pacuidarte.com\/index.php\/wp-json\/wp\/v2\/media?parent=1106"}],"curies":[{"name":"wp","href":"https:\/\/api.w.org\/{rel}","templated":true}]}}